{"id":847,"date":"2021-11-05T14:51:31","date_gmt":"2021-11-05T14:51:31","guid":{"rendered":"https:\/\/dasser.co\/?page_id=847"},"modified":"2021-11-17T13:32:07","modified_gmt":"2021-11-17T13:32:07","slug":"formulario-vivienda","status":"publish","type":"page","link":"https:\/\/dasser.co\/index.php\/formulario-vivienda\/","title":{"rendered":"Formulario vivienda"},"content":{"rendered":"\t\t<div data-elementor-type=\"wp-page\" data-elementor-id=\"847\" class=\"elementor elementor-847\" data-elementor-settings=\"[]\">\n\t\t\t\t\t\t\t<div class=\"elementor-section-wrap\">\n\t\t\t\t\t\t\t<section class=\"elementor-section elementor-top-section elementor-element elementor-element-7511996b elementor-section-boxed elementor-section-height-default elementor-section-height-default\" data-id=\"7511996b\" data-element_type=\"section\" data-settings=\"{&quot;_ha_eqh_enable&quot;:false,&quot;ekit_has_onepagescroll_dot&quot;:&quot;yes&quot;}\">\n\t\t\t\t\t\t<div class=\"elementor-container elementor-column-gap-default\">\n\t\t\t\t\t<div class=\"elementor-column elementor-col-50 elementor-top-column elementor-element elementor-element-453845b7\" data-id=\"453845b7\" data-element_type=\"column\">\n\t\t\t<div class=\"elementor-widget-wrap elementor-element-populated\">\n\t\t\t\t\t\t\t\t<div class=\"elementor-element elementor-element-14e1755a elementor-widget elementor-widget-heading\" data-id=\"14e1755a\" data-element_type=\"widget\" data-settings=\"{&quot;ekit_we_effect_on&quot;:&quot;none&quot;}\" data-widget_type=\"heading.default\">\n\t\t\t\t<div class=\"elementor-widget-container\">\n\t\t\t<h2 class=\"elementor-heading-title elementor-size-default\">Preguntas frecuentes<\/h2>\t\t<\/div>\n\t\t\t\t<\/div>\n\t\t\t\t<div class=\"elementor-element elementor-element-1ab75805 elementor-widget elementor-widget-eael-adv-accordion\" data-id=\"1ab75805\" data-element_type=\"widget\" data-settings=\"{&quot;ekit_we_effect_on&quot;:&quot;none&quot;}\" data-widget_type=\"eael-adv-accordion.default\">\n\t\t\t\t<div class=\"elementor-widget-container\">\n\t\t\t        <div class=\"eael-adv-accordion\" id=\"eael-adv-accordion-1ab75805\" data-accordion-id=\"1ab75805\" data-accordion-type=\"accordion\" data-toogle-speed=\"300\">\n    <div class=\"eael-accordion-list\">\n                <div id=\"si-tengo-varios-crditos-de-vivienda-puedo-hacer-la-reduccin-para-todos-al-tiempo\" class=\"elementor-tab-title eael-accordion-header\" tabindex=\"4481\" data-tab=\"1\" role=\"tab\" aria-controls=\"elementor-tab-content-4481\"><i aria-hidden=\"true\" class=\"fa-accordion-icon fas fa-plus\"><\/i><span class=\"eael-accordion-tab-title\">\u00bfSi tengo varios cr\u00e9ditos de vivienda, puedo hacer la reducci\u00f3n para todos al tiempo?<\/span><i aria-hidden=\"true\" class=\"fa-toggle fas fa-angle-right\"><\/i><\/div><div id=\"elementor-tab-content-4481\" class=\"eael-accordion-content clearfix\" data-tab=\"1\" role=\"tabpanel\" aria-labelledby=\"si-tengo-varios-crditos-de-vivienda-puedo-hacer-la-reduccin-para-todos-al-tiempo\"><p><p>S\u00ed, puede disfrutar de todos los beneficios de la ley 546 de vivienda a su favor en todos sus cr\u00e9ditos, siempre y cuando posea la capacidad de endeudamiento para asumir las nuevas condiciones de sus cr\u00e9ditos.<\/p><\/p><\/div>\n                <\/div><div class=\"eael-accordion-list\">\n                <div id=\"los-bancos-pueden-negarse-a-efectuar-el-proceso-de-la-reduccin-a-mi-crdito-de-vivienda\" class=\"elementor-tab-title eael-accordion-header\" tabindex=\"4482\" data-tab=\"2\" role=\"tab\" aria-controls=\"elementor-tab-content-4482\"><i aria-hidden=\"true\" class=\"fa-accordion-icon fas fa-plus\"><\/i><span class=\"eael-accordion-tab-title\">\u00bfLos bancos pueden negarse a efectuar el proceso de la reducci\u00f3n a mi cr\u00e9dito de vivienda?<\/span><i aria-hidden=\"true\" class=\"fa-toggle fas fa-angle-right\"><\/i><\/div><div id=\"elementor-tab-content-4482\" class=\"eael-accordion-content clearfix\" data-tab=\"2\" role=\"tabpanel\" aria-labelledby=\"los-bancos-pueden-negarse-a-efectuar-el-proceso-de-la-reduccin-a-mi-crdito-de-vivienda\"><p><p>No, las entidades financieras deben acatar las leyes vigentes y no pueden negarse porque nuestra asesor\u00eda est\u00e1 respalda por la Ley 546 de 1999 o ley de vivienda.<br \/>Reclamamos y gestionamos a su favor todos los beneficios que ofrece la ley sin que se genere sanci\u00f3n o reporte negativo alguno para usted.<\/p><\/p><\/div>\n                <\/div><div class=\"eael-accordion-list\">\n                <div id=\"que-garantiza-que-el-proceso-de-reduccin-a-mi-crdito-es-exitoso\" class=\"elementor-tab-title eael-accordion-header\" tabindex=\"4483\" data-tab=\"3\" role=\"tab\" aria-controls=\"elementor-tab-content-4483\"><i aria-hidden=\"true\" class=\"fa-accordion-icon fas fa-plus\"><\/i><span class=\"eael-accordion-tab-title\">\u00bfQue garantiza que el proceso de reducci\u00f3n a mi cr\u00e9dito es exitoso?<\/span><i aria-hidden=\"true\" class=\"fa-toggle fas fa-angle-right\"><\/i><\/div><div id=\"elementor-tab-content-4483\" class=\"eael-accordion-content clearfix\" data-tab=\"3\" role=\"tabpanel\" aria-labelledby=\"que-garantiza-que-el-proceso-de-reduccin-a-mi-crdito-es-exitoso\"><p><p>La ley es nuestra principal garant\u00eda, adem\u00e1s una vez notificado del \u00e9xito del proceso podr\u00e1 verificar en su entidad que los cambios de beneficio han sido aplicados y se reportan en el siguiente extracto.<br \/>Seguros de nuestra gesti\u00f3n, trabajamos a \u00e9xito!<\/p><\/p><\/div>\n                <\/div><div class=\"eael-accordion-list\">\n                <div id=\"si-el-crdito-est-en-mora-puedo-hacer-el-proceso-de-la-reduccin\" class=\"elementor-tab-title eael-accordion-header\" tabindex=\"4484\" data-tab=\"4\" role=\"tab\" aria-controls=\"elementor-tab-content-4484\"><i aria-hidden=\"true\" class=\"fa-accordion-icon fas fa-plus\"><\/i><span class=\"eael-accordion-tab-title\">\u00bfSi el cr\u00e9dito est\u00e1 en mora, puedo hacer el proceso de la reducci\u00f3n?<\/span><i aria-hidden=\"true\" class=\"fa-toggle fas fa-angle-right\"><\/i><\/div><div id=\"elementor-tab-content-4484\" class=\"eael-accordion-content clearfix\" data-tab=\"4\" role=\"tabpanel\" aria-labelledby=\"si-el-crdito-est-en-mora-puedo-hacer-el-proceso-de-la-reduccin\"><p><p>No, El cr\u00e9dito debe encontrarse al d\u00eda y tener buen h\u00e1bito de pago.Seguros de nuestra gesti\u00f3n, trabajamos a \u00e9xito!<\/p><\/p><\/div>\n                <\/div><div class=\"eael-accordion-list\">\n                <div id=\"el-proceso-de-reduccin-aplica-para-la-vis-y-vip\" class=\"elementor-tab-title eael-accordion-header\" tabindex=\"4485\" data-tab=\"5\" role=\"tab\" aria-controls=\"elementor-tab-content-4485\"><i aria-hidden=\"true\" class=\"fa-accordion-icon fas fa-plus\"><\/i><span class=\"eael-accordion-tab-title\">\u00bfEl proceso de reducci\u00f3n aplica para la VIS y VIP?<\/span><i aria-hidden=\"true\" class=\"fa-toggle fas fa-angle-right\"><\/i><\/div><div id=\"elementor-tab-content-4485\" class=\"eael-accordion-content clearfix\" data-tab=\"5\" role=\"tabpanel\" aria-labelledby=\"el-proceso-de-reduccin-aplica-para-la-vis-y-vip\"><p><p>S\u00ed, aplica para todos los tipos de cr\u00e9dito: (VIS) Vivienda de Inter\u00e9s Social y (VIP) Vivienda de Inter\u00e9s Prioritario.<\/p><p>Adem\u00e1s aplica para las modalidades de amortizaci\u00f3n UVR y Pesos manteniendo todos los benficios ofrecidos y amparados en la ley.<\/p><\/p><\/div>\n                <\/div><div class=\"eael-accordion-list\">\n                <div id=\"a-las-cuotas-ya-pagadas-se-les-puede-hacer-el-proceso-de-reduccin\" class=\"elementor-tab-title eael-accordion-header\" tabindex=\"4486\" data-tab=\"6\" role=\"tab\" aria-controls=\"elementor-tab-content-4486\"><i aria-hidden=\"true\" class=\"fa-accordion-icon fas fa-plus\"><\/i><span class=\"eael-accordion-tab-title\">\u00bfA las cuotas ya pagadas se les puede hacer el proceso de Reducci\u00f3n?<\/span><i aria-hidden=\"true\" class=\"fa-toggle fas fa-angle-right\"><\/i><\/div><div id=\"elementor-tab-content-4486\" class=\"eael-accordion-content clearfix\" data-tab=\"6\" role=\"tabpanel\" aria-labelledby=\"a-las-cuotas-ya-pagadas-se-les-puede-hacer-el-proceso-de-reduccin\"><p><p>No, la ley no es retroactiva y no hay forma de recuperar el tiempo y los intereses que ya ha pagado.<\/p><\/p><\/div>\n                <\/div><div class=\"eael-accordion-list\">\n                <div id=\"debo-incrementar-el-valor-de-mi-cuota-mensual\" class=\"elementor-tab-title eael-accordion-header\" tabindex=\"4487\" data-tab=\"7\" role=\"tab\" aria-controls=\"elementor-tab-content-4487\"><i aria-hidden=\"true\" class=\"fa-accordion-icon fas fa-plus\"><\/i><span class=\"eael-accordion-tab-title\">\u00bfDebo incrementar el valor de mi cuota mensual?<\/span><i aria-hidden=\"true\" class=\"fa-toggle fas fa-angle-right\"><\/i><\/div><div id=\"elementor-tab-content-4487\" class=\"eael-accordion-content clearfix\" data-tab=\"7\" role=\"tabpanel\" aria-labelledby=\"debo-incrementar-el-valor-de-mi-cuota-mensual\"><p><p>S\u00ed, el proceso se logra por medio de un abono inteligente que se suma a la cuota.<\/p><p>Gracias a nuestra experiencia logramos que obtenga el mayor beneficio de este incremento para que pague su cr\u00e9dito en menor tiempo y se ahorre la mayor cantidad en los intereses.<\/p><\/p><\/div>\n                <\/div><div class=\"eael-accordion-list\">\n                <div id=\"requiero-demostrar-ingresos-de-nuevo-para-hacer-la-reduccin\" class=\"elementor-tab-title eael-accordion-header\" tabindex=\"4488\" data-tab=\"8\" role=\"tab\" aria-controls=\"elementor-tab-content-4488\"><i aria-hidden=\"true\" class=\"fa-accordion-icon fas fa-plus\"><\/i><span class=\"eael-accordion-tab-title\">\u00bfRequiero demostrar ingresos de nuevo para hacer la reducci\u00f3n?<\/span><i aria-hidden=\"true\" class=\"fa-toggle fas fa-angle-right\"><\/i><\/div><div id=\"elementor-tab-content-4488\" class=\"eael-accordion-content clearfix\" data-tab=\"8\" role=\"tabpanel\" aria-labelledby=\"requiero-demostrar-ingresos-de-nuevo-para-hacer-la-reduccin\"><p><p>S\u00ed, generalmente la entidad financiera solicita soportes de ingresos excepto Bancolombia, Colpatria y Banco Caja Social.<\/p><\/p><\/div>\n                <\/div><\/div>\t\t<\/div>\n\t\t\t\t<\/div>\n\t\t\t\t\t<\/div>\n\t\t<\/div>\n\t\t\t\t<div class=\"elementor-column elementor-col-50 elementor-top-column elementor-element elementor-element-50ee5925\" data-id=\"50ee5925\" data-element_type=\"column\">\n\t\t\t<div class=\"elementor-widget-wrap elementor-element-populated\">\n\t\t\t\t\t\t\t\t<div class=\"elementor-element elementor-element-668e9fc0 elementor-widget elementor-widget-heading\" data-id=\"668e9fc0\" data-element_type=\"widget\" data-settings=\"{&quot;ekit_we_effect_on&quot;:&quot;none&quot;}\" data-widget_type=\"heading.default\">\n\t\t\t\t<div class=\"elementor-widget-container\">\n\t\t\t<h2 class=\"elementor-heading-title elementor-size-default\">Valide si aplica al beneficio<\/h2>\t\t<\/div>\n\t\t\t\t<\/div>\n\t\t\t\t<div class=\"elementor-element elementor-element-7751b044 elementor-widget elementor-widget-text-editor\" data-id=\"7751b044\" data-element_type=\"widget\" data-settings=\"{&quot;ekit_we_effect_on&quot;:&quot;none&quot;}\" data-widget_type=\"text-editor.default\">\n\t\t\t\t<div class=\"elementor-widget-container\">\n\t\t\t\t\t\t\t<p><span style=\"font-weight: 400;\">Por favor ingrese la informacion solicitada y adjunte la copia del ultimo extracto del credito de vivienda o plan de pagos (suba el extracto completo y legible).<\/span><\/p>\t\t\t\t\t\t<\/div>\n\t\t\t\t<\/div>\n\t\t\t\t<div class=\"elementor-element elementor-element-35ed603 elementor-align-center elementor-widget elementor-widget-button\" data-id=\"35ed603\" data-element_type=\"widget\" data-settings=\"{&quot;ekit_we_effect_on&quot;:&quot;none&quot;}\" data-widget_type=\"button.default\">\n\t\t\t\t<div class=\"elementor-widget-container\">\n\t\t\t\t\t<div class=\"elementor-button-wrapper\">\n\t\t\t<a href=\"https:\/\/dasser.co\/index.php\/proteccion-de-datos\/\" class=\"elementor-button-link elementor-button elementor-size-sm\" role=\"button\">\n\t\t\t\t\t\t<span class=\"elementor-button-content-wrapper\">\n\t\t\t\t\t\t<span class=\"elementor-button-text\">Protecci\u00f3n de datos personales<\/span>\n\t\t<\/span>\n\t\t\t\t\t<\/a>\n\t\t<\/div>\n\t\t\t\t<\/div>\n\t\t\t\t<\/div>\n\t\t\t\t<div class=\"elementor-element elementor-element-1a587216 elementor-button-align-center elementor-widget elementor-widget-form\" data-id=\"1a587216\" data-element_type=\"widget\" data-settings=\"{&quot;step_next_label&quot;:&quot;Next&quot;,&quot;step_previous_label&quot;:&quot;Previous&quot;,&quot;button_width&quot;:&quot;100&quot;,&quot;step_type&quot;:&quot;number_text&quot;,&quot;step_icon_shape&quot;:&quot;circle&quot;,&quot;ekit_we_effect_on&quot;:&quot;none&quot;}\" data-widget_type=\"form.default\">\n\t\t\t\t<div class=\"elementor-widget-container\">\n\t\t\t\t\t<form class=\"elementor-form\" method=\"post\" name=\"New Form\">\n\t\t\t<input type=\"hidden\" name=\"post_id\" value=\"847\"\/>\n\t\t\t<input type=\"hidden\" name=\"form_id\" value=\"1a587216\"\/>\n\n\t\t\t\n\t\t\t<div class=\"elementor-form-fields-wrapper elementor-labels-above\">\n\t\t\t\t\t\t\t\t<div class=\"elementor-field-type-select elementor-field-group elementor-column elementor-field-group-name elementor-col-100 elementor-field-type-select-multiple elementor-field-required elementor-mark-required\">\n\t\t\t\t\t<label for=\"form-field-name\" class=\"elementor-field-label\">Tipo de solicitud<\/label>\t\t<div class=\"elementor-field elementor-select-wrapper \">\n\t\t\t<select name=\"form_fields[name][]\" id=\"form-field-name\" class=\"elementor-field-textual elementor-size-sm\" required=\"required\" aria-required=\"true\" multiple=\"\" size=\"3\">\n\t\t\t\t<option value=\"RCH \">RCH <\/option><option value=\"TASA\">TASA<\/option><option value=\"SEGUROS\">SEGUROS<\/option>\t\t\t<\/select>\n\t\t<\/div>\n\t\t\t\t\t\t<\/div>\n\t\t\t\t\t\t\t\t<div class=\"elementor-field-type-text elementor-field-group elementor-column elementor-field-group-field_0c9eaff elementor-col-100 elementor-field-required elementor-mark-required\">\n\t\t\t\t\t<label for=\"form-field-field_0c9eaff\" class=\"elementor-field-label\">Nombre<\/label><input size=\"1\" type=\"text\" name=\"form_fields[field_0c9eaff]\" id=\"form-field-field_0c9eaff\" class=\"elementor-field elementor-size-sm  elementor-field-textual\" placeholder=\"Nombre\" required=\"required\" aria-required=\"true\">\t\t\t\t<\/div>\n\t\t\t\t\t\t\t\t<div class=\"elementor-field-type-number elementor-field-group elementor-column elementor-field-group-email elementor-col-50 elementor-field-required elementor-mark-required\">\n\t\t\t\t\t<label for=\"form-field-email\" class=\"elementor-field-label\">C\u00e9dula<\/label><input type=\"number\" name=\"form_fields[email]\" id=\"form-field-email\" class=\"elementor-field elementor-size-sm  elementor-field-textual\" placeholder=\"C\u00e9dula\" required=\"required\" aria-required=\"true\" min=\"\" max=\"\">\t\t\t\t<\/div>\n\t\t\t\t\t\t\t\t<div class=\"elementor-field-type-number elementor-field-group elementor-column elementor-field-group-message elementor-col-50 elementor-field-required elementor-mark-required\">\n\t\t\t\t\t<label for=\"form-field-message\" class=\"elementor-field-label\">Tel\u00e9fono<\/label><input type=\"number\" name=\"form_fields[message]\" id=\"form-field-message\" class=\"elementor-field elementor-size-sm  elementor-field-textual\" placeholder=\"Tel\u00e9fono\" required=\"required\" aria-required=\"true\" min=\"\" max=\"\">\t\t\t\t<\/div>\n\t\t\t\t\t\t\t\t<div class=\"elementor-field-type-email elementor-field-group elementor-column elementor-field-group-field_18e37da elementor-col-100 elementor-field-required elementor-mark-required\">\n\t\t\t\t\t<label for=\"form-field-field_18e37da\" class=\"elementor-field-label\">Correo electr\u00f3nico<\/label><input size=\"1\" type=\"email\" name=\"form_fields[field_18e37da]\" id=\"form-field-field_18e37da\" class=\"elementor-field elementor-size-sm  elementor-field-textual\" placeholder=\"Correo electr\u00f3nico\" required=\"required\" aria-required=\"true\">\t\t\t\t<\/div>\n\t\t\t\t\t\t\t\t<div class=\"elementor-field-type-upload elementor-field-group elementor-column elementor-field-group-field_766eaa1 elementor-col-100\">\n\t\t\t\t\t<input type=\"file\" name=\"form_fields[field_766eaa1]\" id=\"form-field-field_766eaa1\" class=\"elementor-field elementor-size-sm  elementor-upload-field\">\t\t\t\t<\/div>\n\t\t\t\t\t\t\t\t<div class=\"elementor-field-type-checkbox elementor-field-group elementor-column elementor-field-group-field_43996e9 elementor-col-100\">\n\t\t\t\t\t<div class=\"elementor-field-subgroup  elementor-subgroup-inline\"><span class=\"elementor-field-option\"><input type=\"checkbox\" value=\"\u201cConsiento y autorizo de manera previa, expresa e inequ\u00edvoca que mis datos personales sean tratados conforme a lo previsto en el presente documento y\/o autorizaci\u00f3n de datos personales\u201d. \" id=\"form-field-field_43996e9-0\" name=\"form_fields[field_43996e9]\"> <label for=\"form-field-field_43996e9-0\">\u201cConsiento y autorizo de manera previa, expresa e inequ\u00edvoca que mis datos personales sean tratados conforme a lo previsto en el presente documento y\/o autorizaci\u00f3n de datos personales\u201d. <\/label><\/span><\/div>\t\t\t\t<\/div>\n\t\t\t\t\t\t\t\t<div class=\"elementor-field-group elementor-column elementor-field-type-submit elementor-col-100 e-form__buttons\">\n\t\t\t\t\t<button type=\"submit\" class=\"elementor-button elementor-size-xs\">\n\t\t\t\t\t\t<span >\n\t\t\t\t\t\t\t\t\t\t\t\t\t\t\t<span class=\" elementor-button-icon\">\n\t\t\t\t\t\t\t\t\t\t\t\t\t\t\t\t\t\t\t\t\t\t\t\t\t\t<\/span>\n\t\t\t\t\t\t\t\t\t\t\t\t\t\t\t\t\t\t\t\t\t\t<span class=\"elementor-button-text\">Enviar<\/span>\n\t\t\t\t\t\t\t\t\t\t\t\t\t<\/span>\n\t\t\t\t\t<\/button>\n\t\t\t\t<\/div>\n\t\t\t<\/div>\n\t\t<\/form>\n\t\t\t\t<\/div>\n\t\t\t\t<\/div>\n\t\t\t\t\t<\/div>\n\t\t<\/div>\n\t\t\t\t\t\t\t<\/div>\n\t\t<\/section>\n\t\t\t\t\t\t<\/div>\n\t\t\t\t\t<\/div>\n\t\t","protected":false},"excerpt":{"rendered":"<p>Preguntas frecuentes \u00bfSi tengo varios cr\u00e9ditos de vivienda, puedo hacer la reducci\u00f3n para todos al tiempo? S\u00ed, puede disfrutar de todos los beneficios de la ley 546 de vivienda a su favor en todos sus cr\u00e9ditos, siempre y cuando posea la capacidad de endeudamiento para asumir las nuevas condiciones de sus cr\u00e9ditos. \u00bfLos bancos pueden &hellip;<\/p>\n<p class=\"read-more\"> <a class=\"\" href=\"https:\/\/dasser.co\/index.php\/formulario-vivienda\/\"> <span class=\"screen-reader-text\">Formulario vivienda<\/span> Leer m\u00e1s &raquo;<\/a><\/p>\n","protected":false},"author":1,"featured_media":0,"parent":0,"menu_order":0,"comment_status":"closed","ping_status":"closed","template":"elementor_header_footer","meta":{"om_disable_all_campaigns":false},"_links":{"self":[{"href":"https:\/\/dasser.co\/index.php\/wp-json\/wp\/v2\/pages\/847"}],"collection":[{"href":"https:\/\/dasser.co\/index.php\/wp-json\/wp\/v2\/pages"}],"about":[{"href":"https:\/\/dasser.co\/index.php\/wp-json\/wp\/v2\/types\/page"}],"author":[{"embeddable":true,"href":"https:\/\/dasser.co\/index.php\/wp-json\/wp\/v2\/users\/1"}],"replies":[{"embeddable":true,"href":"https:\/\/dasser.co\/index.php\/wp-json\/wp\/v2\/comments?post=847"}],"version-history":[{"count":7,"href":"https:\/\/dasser.co\/index.php\/wp-json\/wp\/v2\/pages\/847\/revisions"}],"predecessor-version":[{"id":1107,"href":"https:\/\/dasser.co\/index.php\/wp-json\/wp\/v2\/pages\/847\/revisions\/1107"}],"wp:attachment":[{"href":"https:\/\/dasser.co\/index.php\/wp-json\/wp\/v2\/media?parent=847"}],"curies":[{"name":"wp","href":"https:\/\/api.w.org\/{rel}","templated":true}]}}