{"id":267,"date":"2021-09-16T16:53:02","date_gmt":"2021-09-16T16:53:02","guid":{"rendered":"https:\/\/dasser.co\/?page_id=267"},"modified":"2021-11-05T17:02:16","modified_gmt":"2021-11-05T17:02:16","slug":"proteccion-de-datos","status":"publish","type":"page","link":"https:\/\/dasser.co\/index.php\/proteccion-de-datos\/","title":{"rendered":"Protecci\u00f3n de datos"},"content":{"rendered":"\t\t<div data-elementor-type=\"wp-page\" data-elementor-id=\"267\" class=\"elementor elementor-267\" data-elementor-settings=\"[]\">\n\t\t\t\t\t\t\t<div class=\"elementor-section-wrap\">\n\t\t\t\t\t\t\t<section class=\"elementor-section elementor-top-section elementor-element elementor-element-4c534cd elementor-section-boxed elementor-section-height-default elementor-section-height-default\" data-id=\"4c534cd\" data-element_type=\"section\" data-settings=\"{&quot;background_background&quot;:&quot;classic&quot;,&quot;_ha_eqh_enable&quot;:false,&quot;ekit_has_onepagescroll_dot&quot;:&quot;yes&quot;}\">\n\t\t\t\t\t\t<div class=\"elementor-container elementor-column-gap-default\">\n\t\t\t\t\t<div class=\"elementor-column elementor-col-100 elementor-top-column elementor-element elementor-element-44c1fb33\" data-id=\"44c1fb33\" data-element_type=\"column\">\n\t\t\t<div class=\"elementor-widget-wrap elementor-element-populated\">\n\t\t\t\t\t\t\t\t<div class=\"elementor-element elementor-element-200b48eb elementor-widget elementor-widget-heading\" data-id=\"200b48eb\" data-element_type=\"widget\" data-settings=\"{&quot;ekit_we_effect_on&quot;:&quot;none&quot;}\" data-widget_type=\"heading.default\">\n\t\t\t\t<div class=\"elementor-widget-container\">\n\t\t\t<h2 class=\"elementor-heading-title elementor-size-default\">Protecci\u00f3n de datos<\/h2>\t\t<\/div>\n\t\t\t\t<\/div>\n\t\t\t\t<div class=\"elementor-element elementor-element-69bf5d5c elementor-widget elementor-widget-text-editor\" data-id=\"69bf5d5c\" data-element_type=\"widget\" data-settings=\"{&quot;ekit_we_effect_on&quot;:&quot;none&quot;}\" data-widget_type=\"text-editor.default\">\n\t\t\t\t<div class=\"elementor-widget-container\">\n\t\t\t\t\t\t\t<p><span style=\"font-weight: 400;\">Todos los ciudadanos tenemos derecho a conocer, actualizar y rectificar toda la informaci\u00f3n que se almacene o se recopile en las bases de datos administradas por empresas privadas o entidades p\u00fablicas. Este derecho est\u00e1 contemplado en la Ley 1581 de 2012, conocida como el R\u00e9gimen General de Protecci\u00f3n de Datos Personales, en el que adem\u00e1s de sus decretos reglamentarios, se se\u00f1alan los principios y obligaciones que tienen todos aquellos que realicen el tratamiento de datos personales para garantizar la protecci\u00f3n del derecho fundamental de Habeas Data.<\/span><\/p><p><span style=\"font-weight: 400;\">En consecuencia, DASSER en su calidad de Responsable del tratamiento de datos personales, pone a disposici\u00f3n su Aviso de Privacidad y su respectiva Pol\u00edtica de Tratamiento de Datos Personales, con el objetivo\u00a0de que conozcan los lineamientos generales que se tienen en cuenta a efectos de proteger los Datos Personales de los Titulares, su finalidad de recolecci\u00f3n de la informaci\u00f3n, los derechos de los Titulares, \u00e1rea o responsable de atender las quejas y reclamos, as\u00ed como los procedimientos que se deben agotar para conocer, actualizar, rectificar y suprimir la informaci\u00f3n.<\/span><\/p>\t\t\t\t\t\t<\/div>\n\t\t\t\t<\/div>\n\t\t\t\t<div class=\"elementor-element elementor-element-3a500f4 elementor-widget elementor-widget-image\" data-id=\"3a500f4\" data-element_type=\"widget\" data-settings=\"{&quot;ekit_we_effect_on&quot;:&quot;none&quot;}\" data-widget_type=\"image.default\">\n\t\t\t\t<div class=\"elementor-widget-container\">\n\t\t\t\t\t\t\t\t\t\t\t\t\t\t\t<img decoding=\"async\" width=\"1024\" height=\"675\" src=\"https:\/\/dasser.co\/wp-content\/uploads\/2021\/10\/Diseno-sin-titulo-2021-10-19T164840.755-e1634680161147-1024x675.png\" class=\"attachment-large size-large\" alt=\"\" loading=\"lazy\" srcset=\"https:\/\/dasser.co\/wp-content\/uploads\/2021\/10\/Diseno-sin-titulo-2021-10-19T164840.755-e1634680161147-1024x675.png 1024w, https:\/\/dasser.co\/wp-content\/uploads\/2021\/10\/Diseno-sin-titulo-2021-10-19T164840.755-e1634680161147-300x198.png 300w, https:\/\/dasser.co\/wp-content\/uploads\/2021\/10\/Diseno-sin-titulo-2021-10-19T164840.755-e1634680161147-768x506.png 768w, https:\/\/dasser.co\/wp-content\/uploads\/2021\/10\/Diseno-sin-titulo-2021-10-19T164840.755-e1634680161147.png 1080w\" sizes=\"(max-width: 1024px) 100vw, 1024px\" \/>\t\t\t\t\t\t\t\t\t\t\t\t\t\t\t<\/div>\n\t\t\t\t<\/div>\n\t\t\t\t<div class=\"elementor-element elementor-element-f6b0046 elementor-widget elementor-widget-heading\" data-id=\"f6b0046\" data-element_type=\"widget\" data-settings=\"{&quot;ekit_we_effect_on&quot;:&quot;none&quot;}\" data-widget_type=\"heading.default\">\n\t\t\t\t<div class=\"elementor-widget-container\">\n\t\t\t<h2 class=\"elementor-heading-title elementor-size-default\">Aviso de privacidad <br>\nprotecci\u00f3n de datos personales<\/h2>\t\t<\/div>\n\t\t\t\t<\/div>\n\t\t\t\t<div class=\"elementor-element elementor-element-ffdb83f elementor-widget elementor-widget-text-editor\" data-id=\"ffdb83f\" data-element_type=\"widget\" data-settings=\"{&quot;ekit_we_effect_on&quot;:&quot;none&quot;}\" data-widget_type=\"text-editor.default\">\n\t\t\t\t<div class=\"elementor-widget-container\">\n\t\t\t\t\t\t\t<p><b>DASSER CONSULTING &amp; AUDITING,<\/b><span style=\"font-weight: 400;\"> identificada con <\/span><b>NIT: 900.766.746-8<\/b><span style=\"font-weight: 400;\">, domiciliada en la Calle 48 # 32-14 oficina 413 en Bucaramanga, tel\u00e9fono (7) 6915427 &#8211; 6909124; act\u00faa y es Responsable del Tratamiento de los datos personales en cumplimiento a lo estipulado en la Ley 1581 de 2012 y lo previsto en el Decreto 1377 de 2013, con el objeto de informar a todas las personas cuyos datos personales se encuentran en nuestras bases de datos tanto f\u00edsicas como digitalizadas.\u00a0<\/span><\/p><p><span style=\"font-weight: 400;\">Sus datos personales ser\u00e1n incluidos en una base de datos y el uso y manejo de los mismos se efect\u00faa bajo estrictos est\u00e1ndares de responsabilidad dentro de los cuales est\u00e1 el respeto al debido proceso y a la protecci\u00f3n de la informaci\u00f3n y ser\u00e1n utilizados de manera meramente enunciativa para las siguientes finalidades directas e indirectas relacionadas con el objeto y prop\u00f3sitos de <\/span><b>DASSER CONSULTING &amp; AUDITING.<\/b><\/p><ul><li style=\"font-weight: 400;\" aria-level=\"1\"><span style=\"font-weight: 400;\">Desarrollar la misi\u00f3n de <\/span><b>DASSER CONSULTING &amp; AUDITING,<\/b><span style=\"font-weight: 400;\"> conforme a su objeto social.<\/span><\/li><li style=\"font-weight: 400;\" aria-level=\"1\"><span style=\"font-weight: 400;\">Atenci\u00f3n de requerimientos de autoridades<\/span><\/li><li style=\"font-weight: 400;\" aria-level=\"1\"><span style=\"font-weight: 400;\">Manejo interno a efectos de registro de sus clientes, empleados, socios y proveedores<\/span><\/li><li style=\"font-weight: 400;\" aria-level=\"1\"><span style=\"font-weight: 400;\">\u00c9l envi\u00f3 de correspondencia, correos electr\u00f3nicos o contacto telef\u00f3nico con sus clientes y proveedores, en desarrollo de actividades publicitarias, promocionales, de mercadeo,<\/span><\/li><li style=\"font-weight: 400;\" aria-level=\"1\"><span style=\"font-weight: 400;\">Gestiones de cobranza o comercial<\/span><\/li><li style=\"font-weight: 400;\" aria-level=\"1\"><span style=\"font-weight: 400;\">Para el registro de operaciones contables, financieras y fiscales al interior de la empresa<\/span><\/li><li style=\"font-weight: 400;\" aria-level=\"1\"><span style=\"font-weight: 400;\">Atender consultas, peticiones, quejas o reclamos.<\/span><\/li><\/ul><p><span style=\"font-weight: 400;\">Se le informa al Titular de los datos personales que puede consultar la Pol\u00edtica de Protecci\u00f3n y Tratamiento de Datos Personales de <\/span><b>DASSER CONSULTING &amp; AUDITING,<\/b><span style=\"font-weight: 400;\"> la cual contiene los directrices para el tratamiento de datos personales que residen en nuestras bases de datos, as\u00ed como los procedimientos de seguridad, divulgaci\u00f3n, consulta y reclamaci\u00f3n que le permitir\u00e1n hacer efectivos sus derechos al como Titular de los datos.\u00a0<\/span><\/p><p><span style=\"font-weight: 400;\">Para m\u00e1s informaci\u00f3n por favor consulte las Pol\u00edticas de Tratamiento de Datos Personales en la p\u00e1gina de la Superintendencia de Industria y Comercio o en las oficinas administrativas de la empresa.<\/span><\/p>\t\t\t\t\t\t<\/div>\n\t\t\t\t<\/div>\n\t\t\t\t\t<\/div>\n\t\t<\/div>\n\t\t\t\t\t\t\t<\/div>\n\t\t<\/section>\n\t\t\t\t\t\t<\/div>\n\t\t\t\t\t<\/div>\n\t\t","protected":false},"excerpt":{"rendered":"<p>Protecci\u00f3n de datos Todos los ciudadanos tenemos derecho a conocer, actualizar y rectificar toda la informaci\u00f3n que se almacene o se recopile en las bases de datos administradas por empresas privadas o entidades p\u00fablicas. Este derecho est\u00e1 contemplado en la Ley 1581 de 2012, conocida como el R\u00e9gimen General de Protecci\u00f3n de Datos Personales, en &hellip;<\/p>\n<p class=\"read-more\"> <a class=\"\" href=\"https:\/\/dasser.co\/index.php\/proteccion-de-datos\/\"> <span class=\"screen-reader-text\">Protecci\u00f3n de datos<\/span> Leer m\u00e1s &raquo;<\/a><\/p>\n","protected":false},"author":1,"featured_media":0,"parent":0,"menu_order":0,"comment_status":"closed","ping_status":"closed","template":"elementor_header_footer","meta":{"om_disable_all_campaigns":false},"_links":{"self":[{"href":"https:\/\/dasser.co\/index.php\/wp-json\/wp\/v2\/pages\/267"}],"collection":[{"href":"https:\/\/dasser.co\/index.php\/wp-json\/wp\/v2\/pages"}],"about":[{"href":"https:\/\/dasser.co\/index.php\/wp-json\/wp\/v2\/types\/page"}],"author":[{"embeddable":true,"href":"https:\/\/dasser.co\/index.php\/wp-json\/wp\/v2\/users\/1"}],"replies":[{"embeddable":true,"href":"https:\/\/dasser.co\/index.php\/wp-json\/wp\/v2\/comments?post=267"}],"version-history":[{"count":19,"href":"https:\/\/dasser.co\/index.php\/wp-json\/wp\/v2\/pages\/267\/revisions"}],"predecessor-version":[{"id":906,"href":"https:\/\/dasser.co\/index.php\/wp-json\/wp\/v2\/pages\/267\/revisions\/906"}],"wp:attachment":[{"href":"https:\/\/dasser.co\/index.php\/wp-json\/wp\/v2\/media?parent=267"}],"curies":[{"name":"wp","href":"https:\/\/api.w.org\/{rel}","templated":true}]}}